{"id":8,"date":"2024-03-18T21:42:49","date_gmt":"2024-03-18T20:42:49","guid":{"rendered":"https:\/\/lassilabas.com\/?page_id=8"},"modified":"2024-03-20T08:17:51","modified_gmt":"2024-03-20T07:17:51","slug":"juegos-con-las-silabas","status":"publish","type":"page","link":"https:\/\/lassilabas.com\/","title":{"rendered":"Juegos con las s\u00edlabas"},"content":{"rendered":"\n<p>En este sitio encontrar\u00e1s tres juegos para aprender las s\u00edlabas del idioma espa\u00f1ol. Las s\u00edlabas presentadas est\u00e1n compuestas por una consonante seguida de una vocal.<\/p>\n\n\n\n<p><\/p>\n\n\n\n<p>En el primer juego, &#8216;Escribir con s\u00edlabas&#8217;, se muestra una imagen que representa una palabra espa\u00f1ola compuesta por dos s\u00edlabas, por ejemplo, CASA. El jugador debe hacer clic en las dos s\u00edlabas necesarias para formar la palabra, luego el juego comienza de nuevo con una nueva palabra.<\/p>\n\n\n\n<p>En el segundo juego, &#8216;Escribir con s\u00edlabas 2&#8217;, se presentan dos palabras cada vez y hay que hacer clic en todas las s\u00edlabas necesarias para formarlas.<\/p>\n\n\n\n<p>En el tercer juego, &#8216;Leer las s\u00edlabas&#8217;, se presenta una palabra dividida en s\u00edlabas y tres im\u00e1genes. El jugador debe seleccionar la imagen correspondiente a la palabra escrita. Despu\u00e9s de seleccionar la imagen correcta, el juego contin\u00faa con una palabra nueva.<\/p>\n\n\n\n<p>Puedes jugar en tu PC o Mac utilizando uno de los siguientes navegadores: Chrome, Safari, Edge, Firefox.<\/p>\n\n\n\n<p>En dispositivos m\u00f3viles Android e iOS, puedes descargar estos juegos de forma gratuita desde Google Play Store y App Store.<\/p>\n\n\n\n<hr class=\"wp-block-separator has-alpha-channel-opacity\"\/>\n\n\n\n<p><\/p>\n\n\n\n<h4 class=\"wp-block-heading\">Escribir con las s\u00edlabas<\/h4>\n\n\n\n<figure class=\"wp-block-image size-full\"><img loading=\"lazy\" decoding=\"async\" width=\"512\" height=\"288\" src=\"https:\/\/lassilabas.com\/wp-content\/uploads\/2024\/03\/image.png\" alt=\"\" class=\"wp-image-11\" srcset=\"https:\/\/lassilabas.com\/wp-content\/uploads\/2024\/03\/image.png 512w, https:\/\/lassilabas.com\/wp-content\/uploads\/2024\/03\/image-300x169.png 300w\" sizes=\"auto, (max-width: 512px) 100vw, 512px\" \/><\/figure>\n\n\n\n<figure class=\"wp-block-image size-full is-resized\"><a href=\"https:\/\/play.google.com\/store\/apps\/details?id=com.raffaeletasso.ecls\"><img loading=\"lazy\" decoding=\"async\" width=\"646\" height=\"250\" src=\"https:\/\/lassilabas.com\/wp-content\/uploads\/2024\/03\/image-3.png\" alt=\"\" class=\"wp-image-16\" style=\"width:250px\" srcset=\"https:\/\/lassilabas.com\/wp-content\/uploads\/2024\/03\/image-3.png 646w, https:\/\/lassilabas.com\/wp-content\/uploads\/2024\/03\/image-3-300x116.png 300w\" sizes=\"auto, (max-width: 646px) 100vw, 646px\" \/><\/a><\/figure>\n\n\n\n<figure class=\"wp-block-image size-full is-resized\"><a href=\"https:\/\/apps.apple.com\/it\/app\/escribir-con-las-s%C3%ADlabas\/id1317585778\"><img loading=\"lazy\" decoding=\"async\" width=\"1024\" height=\"348\" src=\"https:\/\/lassilabas.com\/wp-content\/uploads\/2024\/03\/image-4.png\" alt=\"\" class=\"wp-image-19\" style=\"width:250px\" srcset=\"https:\/\/lassilabas.com\/wp-content\/uploads\/2024\/03\/image-4.png 1024w, https:\/\/lassilabas.com\/wp-content\/uploads\/2024\/03\/image-4-300x102.png 300w, https:\/\/lassilabas.com\/wp-content\/uploads\/2024\/03\/image-4-768x261.png 768w\" sizes=\"auto, (max-width: 1024px) 100vw, 1024px\" \/><\/a><\/figure>\n\n\n\n<hr class=\"wp-block-separator has-alpha-channel-opacity\"\/>\n\n\n\n<h4 class=\"wp-block-heading\">Escribir con las s\u00edlabas 2<\/h4>\n\n\n\n<figure class=\"wp-block-image size-full\"><img loading=\"lazy\" decoding=\"async\" width=\"512\" height=\"288\" src=\"https:\/\/lassilabas.com\/wp-content\/uploads\/2024\/03\/image-1.png\" alt=\"\" class=\"wp-image-12\" srcset=\"https:\/\/lassilabas.com\/wp-content\/uploads\/2024\/03\/image-1.png 512w, https:\/\/lassilabas.com\/wp-content\/uploads\/2024\/03\/image-1-300x169.png 300w\" sizes=\"auto, (max-width: 512px) 100vw, 512px\" \/><\/figure>\n\n\n\n<figure class=\"wp-block-image size-full is-resized\"><a href=\"https:\/\/play.google.com\/store\/apps\/details?id=com.raffaeletasso.ecls2\"><img loading=\"lazy\" decoding=\"async\" width=\"646\" height=\"250\" src=\"https:\/\/lassilabas.com\/wp-content\/uploads\/2024\/03\/image-3.png\" alt=\"\" class=\"wp-image-16\" style=\"width:250px\" srcset=\"https:\/\/lassilabas.com\/wp-content\/uploads\/2024\/03\/image-3.png 646w, https:\/\/lassilabas.com\/wp-content\/uploads\/2024\/03\/image-3-300x116.png 300w\" sizes=\"auto, (max-width: 646px) 100vw, 646px\" \/><\/a><\/figure>\n\n\n\n<figure class=\"wp-block-image size-full is-resized\"><a href=\"https:\/\/apps.apple.com\/it\/app\/escribir-con-las-s%C3%ADlabas-2\/id1355339626\"><img loading=\"lazy\" decoding=\"async\" width=\"1024\" height=\"348\" src=\"https:\/\/lassilabas.com\/wp-content\/uploads\/2024\/03\/image-4.png\" alt=\"\" class=\"wp-image-19\" style=\"width:250px\" srcset=\"https:\/\/lassilabas.com\/wp-content\/uploads\/2024\/03\/image-4.png 1024w, https:\/\/lassilabas.com\/wp-content\/uploads\/2024\/03\/image-4-300x102.png 300w, https:\/\/lassilabas.com\/wp-content\/uploads\/2024\/03\/image-4-768x261.png 768w\" sizes=\"auto, (max-width: 1024px) 100vw, 1024px\" \/><\/a><\/figure>\n\n\n\n<hr class=\"wp-block-separator has-alpha-channel-opacity\"\/>\n\n\n\n<h4 class=\"wp-block-heading\">Leer las s\u00edlabas<\/h4>\n\n\n\n<figure class=\"wp-block-image size-full\"><img loading=\"lazy\" decoding=\"async\" width=\"512\" height=\"288\" src=\"https:\/\/lassilabas.com\/wp-content\/uploads\/2024\/03\/image-2.png\" alt=\"\" class=\"wp-image-13\" srcset=\"https:\/\/lassilabas.com\/wp-content\/uploads\/2024\/03\/image-2.png 512w, https:\/\/lassilabas.com\/wp-content\/uploads\/2024\/03\/image-2-300x169.png 300w\" sizes=\"auto, (max-width: 512px) 100vw, 512px\" \/><\/figure>\n\n\n\n<figure class=\"wp-block-image size-full is-resized\"><a href=\"https:\/\/play.google.com\/store\/apps\/details?id=com.raffaeletasso.llss\"><img loading=\"lazy\" decoding=\"async\" width=\"646\" height=\"250\" src=\"https:\/\/lassilabas.com\/wp-content\/uploads\/2024\/03\/image-3.png\" alt=\"\" class=\"wp-image-16\" style=\"width:250px\" srcset=\"https:\/\/lassilabas.com\/wp-content\/uploads\/2024\/03\/image-3.png 646w, https:\/\/lassilabas.com\/wp-content\/uploads\/2024\/03\/image-3-300x116.png 300w\" sizes=\"auto, (max-width: 646px) 100vw, 646px\" \/><\/a><\/figure>\n\n\n\n<figure class=\"wp-block-image size-full is-resized\"><a href=\"https:\/\/apps.apple.com\/it\/app\/leer-las-s%C3%ADlabas\/id1521891370\"><img loading=\"lazy\" decoding=\"async\" width=\"1024\" height=\"348\" src=\"https:\/\/lassilabas.com\/wp-content\/uploads\/2024\/03\/image-4.png\" alt=\"\" class=\"wp-image-19\" style=\"width:250px\" srcset=\"https:\/\/lassilabas.com\/wp-content\/uploads\/2024\/03\/image-4.png 1024w, https:\/\/lassilabas.com\/wp-content\/uploads\/2024\/03\/image-4-300x102.png 300w, https:\/\/lassilabas.com\/wp-content\/uploads\/2024\/03\/image-4-768x261.png 768w\" sizes=\"auto, (max-width: 1024px) 100vw, 1024px\" \/><\/a><\/figure>\n","protected":false},"excerpt":{"rendered":"<p>En este sitio encontrar\u00e1s tres juegos para aprender las s\u00edlabas del idioma espa\u00f1ol. Las s\u00edlabas presentadas est\u00e1n compuestas por una consonante seguida de una vocal. En el primer juego, &#8216;Escribir con s\u00edlabas&#8217;, se muestra una imagen que representa una palabra espa\u00f1ola compuesta por dos s\u00edlabas, por ejemplo, CASA. El jugador debe hacer clic en las [&hellip;]<\/p>\n","protected":false},"author":1,"featured_media":0,"parent":0,"menu_order":0,"comment_status":"closed","ping_status":"closed","template":"","meta":{"footnotes":""},"class_list":["post-8","page","type-page","status-publish","hentry"],"_links":{"self":[{"href":"https:\/\/lassilabas.com\/index.php\/wp-json\/wp\/v2\/pages\/8","targetHints":{"allow":["GET"]}}],"collection":[{"href":"https:\/\/lassilabas.com\/index.php\/wp-json\/wp\/v2\/pages"}],"about":[{"href":"https:\/\/lassilabas.com\/index.php\/wp-json\/wp\/v2\/types\/page"}],"author":[{"embeddable":true,"href":"https:\/\/lassilabas.com\/index.php\/wp-json\/wp\/v2\/users\/1"}],"replies":[{"embeddable":true,"href":"https:\/\/lassilabas.com\/index.php\/wp-json\/wp\/v2\/comments?post=8"}],"version-history":[{"count":8,"href":"https:\/\/lassilabas.com\/index.php\/wp-json\/wp\/v2\/pages\/8\/revisions"}],"predecessor-version":[{"id":24,"href":"https:\/\/lassilabas.com\/index.php\/wp-json\/wp\/v2\/pages\/8\/revisions\/24"}],"wp:attachment":[{"href":"https:\/\/lassilabas.com\/index.php\/wp-json\/wp\/v2\/media?parent=8"}],"curies":[{"name":"wp","href":"https:\/\/api.w.org\/{rel}","templated":true}]}}